{"id":762,"date":"2025-06-03T19:23:38","date_gmt":"2025-06-03T19:23:38","guid":{"rendered":"https:\/\/www.thislifewines.com\/maison-wessman\/"},"modified":"2026-04-02T16:39:58","modified_gmt":"2026-04-02T16:39:58","slug":"maison-wessman","status":"publish","type":"page","link":"https:\/\/www.thislifewines.com\/fr\/maison-wessman\/","title":{"rendered":"Maison Wessman"},"content":{"rendered":"\t\t<div data-elementor-type=\"wp-page\" data-elementor-id=\"762\" class=\"elementor elementor-762 elementor-326\" data-elementor-post-type=\"page\">\n\t\t\t\t<div class=\"aux-parallax-section elementor-element elementor-element-6e951e9 e-con-full e-flex elementor-invisible e-con e-parent\" data-id=\"6e951e9\" data-element_type=\"container\" data-e-type=\"container\" data-settings=\"{&quot;background_background&quot;:&quot;classic&quot;,&quot;animation&quot;:&quot;fadeIn&quot;}\">\n\t\t\t\t<div class=\"elementor-element elementor-element-21f68d4 elementor-cta--skin-cover elementor-cta--valign-middle elementor-invisible elementor-widget elementor-widget-call-to-action\" data-id=\"21f68d4\" data-element_type=\"widget\" data-e-type=\"widget\" data-settings=\"{&quot;_animation&quot;:&quot;fadeIn&quot;}\" data-widget_type=\"call-to-action.default\">\n\t\t\t\t<div class=\"elementor-widget-container\">\n\t\t\t\t\t\t\t<div class=\"elementor-cta\">\n\t\t\t\t\t<div class=\"elementor-cta__bg-wrapper\">\n\t\t\t\t<div class=\"elementor-cta__bg elementor-bg\" style=\"background-image: url(https:\/\/www.thislifewines.com\/wp-content\/uploads\/2026\/01\/Vignoble-des-Verdots-2-Sauvignon-Gris-@studioze.jpg);\" role=\"img\" aria-label=\"Vignoble-des-Verdots-(2)---Sauvignon-Gris-@studioze\"><\/div>\n\t\t\t\t<div class=\"elementor-cta__bg-overlay\"><\/div>\n\t\t\t<\/div>\n\t\t\t\t\t\t\t<div class=\"elementor-cta__content\">\n\t\t\t\t\n\t\t\t\t\n\t\t\t\t\n\t\t\t\t\t\t\t<\/div>\n\t\t\t\t\t\t<\/div>\n\t\t\t\t\t\t<\/div>\n\t\t\t\t<\/div>\n\t\t\t\t<\/div>\n\t\t<div class=\"aux-parallax-section elementor-element elementor-element-f44ca48 e-flex e-con-boxed e-con e-parent\" data-id=\"f44ca48\" data-element_type=\"container\" data-e-type=\"container\" data-settings=\"{&quot;background_background&quot;:&quot;classic&quot;}\">\n\t\t\t\t\t<div class=\"e-con-inner\">\n\t\t<div class=\"elementor-element elementor-element-9322ca2 e-flex e-con-boxed e-con e-child\" data-id=\"9322ca2\" data-element_type=\"container\" data-e-type=\"container\">\n\t\t\t\t\t<div class=\"e-con-inner\">\n\t\t\t\t<div class=\"elementor-element elementor-element-ab51207 elementor-invisible elementor-widget elementor-widget-aux_modern_heading\" data-id=\"ab51207\" data-element_type=\"widget\" data-e-type=\"widget\" data-settings=\"{&quot;_animation&quot;:&quot;fadeInDown&quot;}\" data-widget_type=\"aux_modern_heading.default\">\n\t\t\t\t<div class=\"elementor-widget-container\">\n\t\t\t\t\t<section class=\"aux-widget-modern-heading\">\n            <div class=\"aux-widget-inner\"><h6 class=\"aux-modern-heading-primary\">\u00c0 propos de Maison Wessman<\/h6><h1 class=\"aux-modern-heading-secondary\"><span class=\"aux-head-highlight\">R\u00e9inventer la Tradition, Red\u00e9finir l\u2019Excellence<\/span><\/h1><div class=\"aux-modern-heading-description\"><p>Depuis sa cr\u00e9ation en 2016, la Maison Wessman s\u2019est solidement ancr\u00e9e dans le paysage viticole fran\u00e7ais, devenant un symbole de cr\u00e9ation et d\u2019excellence.<\/p><\/div><\/div>\n        <\/section>\t\t\t\t<\/div>\n\t\t\t\t<\/div>\n\t\t\t\t\t<\/div>\n\t\t\t\t<\/div>\n\t\t\t\t\t<\/div>\n\t\t\t\t<\/div>\n\t\t<div class=\"aux-parallax-section elementor-element elementor-element-2594763 e-flex e-con-boxed e-con e-parent\" data-id=\"2594763\" data-element_type=\"container\" data-e-type=\"container\" data-settings=\"{&quot;background_background&quot;:&quot;classic&quot;}\">\n\t\t\t\t\t<div class=\"e-con-inner\">\n\t\t<div class=\"elementor-element elementor-element-3f10934 e-con-full e-flex e-con e-child\" data-id=\"3f10934\" data-element_type=\"container\" data-e-type=\"container\">\n\t\t\t\t<div class=\"elementor-element elementor-element-aed5e17 elementor-invisible elementor-widget elementor-widget-aux_image\" data-id=\"aed5e17\" data-element_type=\"widget\" data-e-type=\"widget\" data-settings=\"{&quot;_animation&quot;:&quot;fadeIn&quot;,&quot;sticky&quot;:&quot;top&quot;,&quot;sticky_parent&quot;:&quot;yes&quot;,&quot;sticky_on&quot;:[&quot;desktop&quot;,&quot;tablet&quot;,&quot;mobile&quot;],&quot;sticky_offset&quot;:0,&quot;sticky_effects_offset&quot;:0,&quot;sticky_anchor_link_offset&quot;:0}\" data-widget_type=\"aux_image.default\">\n\t\t\t\t<div class=\"elementor-widget-container\">\n\t\t\t\t\t<section class=\"widget-container aux-widget-image aux-alignnone aux-parent-auf1296835\">\n    <div class=\"aux-media-hint-frame \">\n        <div class=\"aux-media-image \" >\n        \n            \n\n            \n            <img fetchpriority=\"high\" decoding=\"async\" width=\"1920\" height=\"1280\" src=\"data:image\/gif;base64,R0lGODlhAQABAIAAAAAAAP\/\/\/yH5BAEAAAAALAAAAAABAAEAAAIBRAA7\" class=\"aux-attachment aux-featured-image aux-attachment-id-369 aux-preload aux-blank\" alt=\"Chateau\" data-ratio=\"1.5\" data-original-w=\"1920\" data-src=\"https:\/\/www.thislifewines.com\/wp-content\/uploads\/2025\/06\/Chateau.jpg\" \/>            \n                <\/div>\n    <\/div>\n\n<\/section><!-- widget-container -->\t\t\t\t<\/div>\n\t\t\t\t<\/div>\n\t\t\t\t<\/div>\n\t\t<div class=\"elementor-element elementor-element-f92528e e-con-full e-flex e-con e-child\" data-id=\"f92528e\" data-element_type=\"container\" data-e-type=\"container\">\n\t\t\t\t<div class=\"elementor-element elementor-element-b6388eb elementor-invisible elementor-widget elementor-widget-aux_modern_heading\" data-id=\"b6388eb\" data-element_type=\"widget\" data-e-type=\"widget\" data-settings=\"{&quot;_animation&quot;:&quot;fadeInUp&quot;,&quot;_animation_delay&quot;:100}\" data-widget_type=\"aux_modern_heading.default\">\n\t\t\t\t<div class=\"elementor-widget-container\">\n\t\t\t\t\t<section class=\"aux-widget-modern-heading\">\n            <div class=\"aux-widget-inner\"><h5 class=\"aux-modern-heading-primary\">Saint-Cernin :<\/h5><h2 class=\"aux-modern-heading-secondary\"><span class=\"aux-head-highlight\">Ch\u00e2teau Saint-Cernin<\/span><\/h2><div class=\"aux-modern-heading-description\"><p>C\u2019est ici que d\u00e9bute l\u2019histoire de la Maison Wessman, avec l\u2019acquisition du Ch\u00e2teau de Saint-Cernin par R\u00f3bert Wessman au d\u00e9but des ann\u00e9es 2000. Apr\u00e8s la restauration compl\u00e8te de ce ch\u00e2teau du XIIe si\u00e8cle, les premi\u00e8res vignes y furent plant\u00e9es, aboutissant \u00e0 un premier mill\u00e9sime en 2016.<\/p><p>Situ\u00e9 sur l\u2019un des points les plus \u00e9lev\u00e9s du plateau d\u2019Issigeac, le vignoble de Saint-Cernin s\u2019\u00e9tend sur environ 10 hectares et est reconnu pour sa capacit\u00e9 \u00e0 produire des vins d\u2019exception. Implant\u00e9 sur un terroir rare et exigeant, il r\u00e9v\u00e8le toute sa richesse gr\u00e2ce \u00e0 une viticulture de pr\u00e9cision et un savoir-faire \u0153nologique m\u00e9ticuleux.<\/p><\/div><\/div>\n        <\/section>\t\t\t\t<\/div>\n\t\t\t\t<\/div>\n\t\t\t\t<\/div>\n\t\t\t\t\t<\/div>\n\t\t\t\t<\/div>\n\t\t<div class=\"aux-parallax-section elementor-element elementor-element-52937f1 e-flex e-con-boxed e-con e-parent\" data-id=\"52937f1\" data-element_type=\"container\" data-e-type=\"container\" data-settings=\"{&quot;background_background&quot;:&quot;classic&quot;}\">\n\t\t\t\t\t<div class=\"e-con-inner\">\n\t\t<div class=\"elementor-element elementor-element-60103a2 e-con-full e-flex e-con e-child\" data-id=\"60103a2\" data-element_type=\"container\" data-e-type=\"container\">\n\t\t\t\t<div class=\"elementor-element elementor-element-f31d0a1 elementor-invisible elementor-widget elementor-widget-aux_modern_heading\" data-id=\"f31d0a1\" data-element_type=\"widget\" data-e-type=\"widget\" data-settings=\"{&quot;_animation&quot;:&quot;fadeInUp&quot;,&quot;sticky&quot;:&quot;top&quot;,&quot;sticky_parent&quot;:&quot;yes&quot;,&quot;_animation_delay&quot;:100,&quot;sticky_on&quot;:[&quot;desktop&quot;,&quot;tablet&quot;,&quot;mobile&quot;],&quot;sticky_offset&quot;:0,&quot;sticky_effects_offset&quot;:0,&quot;sticky_anchor_link_offset&quot;:0}\" data-widget_type=\"aux_modern_heading.default\">\n\t\t\t\t<div class=\"elementor-widget-container\">\n\t\t\t\t\t<section class=\"aux-widget-modern-heading\">\n            <div class=\"aux-widget-inner\"><h5 class=\"aux-modern-heading-primary\">Bergerac :<\/h5><h2 class=\"aux-modern-heading-secondary\"><span class=\"aux-head-highlight\">Vignoble des Verdots<\/span><\/h2><div class=\"aux-modern-heading-description\"><p>Le vignoble des Verdots se d\u00e9ploie comme un \u00e9co-village, d\u00e9gustations, ainsi qu\u2019un restaurant en collaboration avec le Chef fran\u00e7ais Thierry Marx, mettant \u00e0 l\u2019honneur des produits locaux. Des h\u00e9bergements sont \u00e9galement propos\u00e9s aux visiteurs.<\/p><\/div><\/div>\n        <\/section>\t\t\t\t<\/div>\n\t\t\t\t<\/div>\n\t\t\t\t<\/div>\n\t\t<div class=\"elementor-element elementor-element-ecc8958 e-con-full e-flex e-con e-child\" data-id=\"ecc8958\" data-element_type=\"container\" data-e-type=\"container\">\n\t\t\t\t<div class=\"elementor-element elementor-element-2c37338 elementor-invisible elementor-widget elementor-widget-aux_image\" data-id=\"2c37338\" data-element_type=\"widget\" data-e-type=\"widget\" data-settings=\"{&quot;_animation&quot;:&quot;fadeIn&quot;,&quot;sticky&quot;:&quot;top&quot;,&quot;sticky_parent&quot;:&quot;yes&quot;,&quot;sticky_on&quot;:[&quot;desktop&quot;,&quot;tablet&quot;,&quot;mobile&quot;],&quot;sticky_offset&quot;:0,&quot;sticky_effects_offset&quot;:0,&quot;sticky_anchor_link_offset&quot;:0}\" data-widget_type=\"aux_image.default\">\n\t\t\t\t<div class=\"elementor-widget-container\">\n\t\t\t\t\t<section class=\"widget-container aux-widget-image aux-alignnone aux-parent-au017be08f\">\n    <div class=\"aux-media-hint-frame \">\n        <div class=\"aux-media-image \" >\n        \n            \n\n            \n            <img decoding=\"async\" width=\"1920\" height=\"1280\" src=\"data:image\/gif;base64,R0lGODlhAQABAIAAAAAAAP\/\/\/yH5BAEAAAAALAAAAAABAAEAAAIBRAA7\" class=\"aux-attachment aux-featured-image aux-attachment-id-372 aux-preload aux-blank\" alt=\"Bergerac-Vineyards\" data-ratio=\"1.5\" data-original-w=\"1920\" data-src=\"https:\/\/www.thislifewines.com\/wp-content\/uploads\/2025\/06\/Bergerac-Vineyards.jpg\" \/>            \n                <\/div>\n    <\/div>\n\n<\/section><!-- widget-container -->\t\t\t\t<\/div>\n\t\t\t\t<\/div>\n\t\t\t\t<\/div>\n\t\t\t\t\t<\/div>\n\t\t\t\t<\/div>\n\t\t<div class=\"aux-parallax-section elementor-element elementor-element-93f7b56 e-flex e-con-boxed e-con e-parent\" data-id=\"93f7b56\" data-element_type=\"container\" data-e-type=\"container\" data-settings=\"{&quot;background_background&quot;:&quot;classic&quot;}\">\n\t\t\t\t\t<div class=\"e-con-inner\">\n\t\t<div class=\"elementor-element elementor-element-320f165 e-con-full e-flex e-con e-child\" data-id=\"320f165\" data-element_type=\"container\" data-e-type=\"container\">\n\t\t\t\t<div class=\"elementor-element elementor-element-04d39b2 elementor-invisible elementor-widget elementor-widget-aux_image\" data-id=\"04d39b2\" data-element_type=\"widget\" data-e-type=\"widget\" data-settings=\"{&quot;_animation&quot;:&quot;fadeIn&quot;,&quot;sticky&quot;:&quot;top&quot;,&quot;sticky_parent&quot;:&quot;yes&quot;,&quot;sticky_on&quot;:[&quot;desktop&quot;,&quot;tablet&quot;,&quot;mobile&quot;],&quot;sticky_offset&quot;:0,&quot;sticky_effects_offset&quot;:0,&quot;sticky_anchor_link_offset&quot;:0}\" data-widget_type=\"aux_image.default\">\n\t\t\t\t<div class=\"elementor-widget-container\">\n\t\t\t\t\t<section class=\"widget-container aux-widget-image aux-alignnone aux-parent-aucbed97fe\">\n    <div class=\"aux-media-hint-frame \">\n        <div class=\"aux-media-image \" >\n        \n            \n\n            \n            <img decoding=\"async\" width=\"1920\" height=\"1280\" src=\"data:image\/gif;base64,R0lGODlhAQABAIAAAAAAAP\/\/\/yH5BAEAAAAALAAAAAABAAEAAAIBRAA7\" class=\"aux-attachment aux-featured-image aux-attachment-id-414 aux-preload aux-blank\" alt=\"Limoux\" data-ratio=\"1.5\" data-original-w=\"1920\" data-src=\"https:\/\/www.thislifewines.com\/wp-content\/uploads\/2025\/06\/Limoux.jpg\" \/>            \n                <\/div>\n    <\/div>\n\n<\/section><!-- widget-container -->\t\t\t\t<\/div>\n\t\t\t\t<\/div>\n\t\t\t\t<\/div>\n\t\t<div class=\"elementor-element elementor-element-9fb956f e-con-full e-flex e-con e-child\" data-id=\"9fb956f\" data-element_type=\"container\" data-e-type=\"container\">\n\t\t\t\t<div class=\"elementor-element elementor-element-42c218b elementor-invisible elementor-widget elementor-widget-aux_modern_heading\" data-id=\"42c218b\" data-element_type=\"widget\" data-e-type=\"widget\" data-settings=\"{&quot;_animation&quot;:&quot;fadeInUp&quot;,&quot;_animation_delay&quot;:100}\" data-widget_type=\"aux_modern_heading.default\">\n\t\t\t\t<div class=\"elementor-widget-container\">\n\t\t\t\t\t<section class=\"aux-widget-modern-heading\">\n            <div class=\"aux-widget-inner\"><h5 class=\"aux-modern-heading-primary\">Limoux :<\/h5><h2 class=\"aux-modern-heading-secondary\"><span class=\"aux-head-highlight\">Vignoble de Bugalys<\/span><\/h2><div class=\"aux-modern-heading-description\"><p>La Maison Wessman, port\u00e9e par l\u2019amour profond de Robert Wessman pour le Chardonnay, s\u2019est implant\u00e9e \u00e0 Limoux. Le vignoble Bugalys s'\u00e9tend sur 26 hectares, principalement situ\u00e9s dans la Haute Vall\u00e9e, dont de magnifiques parcelles sur la commune de La Serpent. \u00c0 400 m\u00e8tres d'altitude dans les contreforts des Pyr\u00e9n\u00e9es, La Serpent est le terroir le plus prestigieux de Limoux. Ses sols argileux retiennent l'humidit\u00e9, les pentes assurent le drainage et les nuits fra\u00eeches pr\u00e9servent l'acidit\u00e9, produisant des raisins purs et concentr\u00e9s pour des vins complexes et \u00e9quilibr\u00e9s.<\/p><p>Gr\u00e2ce \u00e0 la richesse de ces terroirs d\u2019exception et \u00e0 l\u2019implication d\u2019Andreas Larsson, \u00e9lu Meilleur Sommelier du Monde, nos techniques de vinification atteignent le niveau des plus grandes cuv\u00e9es de Chardonnay.\u00a0<\/p><p>\u00a0<\/p><\/div><\/div>\n        <\/section>\t\t\t\t<\/div>\n\t\t\t\t<\/div>\n\t\t\t\t<div class=\"elementor-element elementor-element-1937469 elementor-align-center elementor-invisible elementor-widget elementor-widget-button\" data-id=\"1937469\" data-element_type=\"widget\" data-e-type=\"widget\" data-settings=\"{&quot;_animation&quot;:&quot;fadeInUp&quot;}\" data-widget_type=\"button.default\">\n\t\t\t\t<div class=\"elementor-widget-container\">\n\t\t\t\t\t\t\t\t\t<div class=\"elementor-button-wrapper\">\n\t\t\t\t\t<a class=\"elementor-button elementor-button-link elementor-size-sm\" href=\"https:\/\/maisonwessman-wines.com\/fr\/le-vignoble-bugalys\">\n\t\t\t\t\t\t<span class=\"elementor-button-content-wrapper\">\n\t\t\t\t\t\t\t\t\t<span class=\"elementor-button-text\">Pour en savoir plus, cliquez ici<\/span>\n\t\t\t\t\t<\/span>\n\t\t\t\t\t<\/a>\n\t\t\t\t<\/div>\n\t\t\t\t\t\t\t\t<\/div>\n\t\t\t\t<\/div>\n\t\t\t\t<\/div>\n\t\t\t\t\t<\/div>\n\t\t\t\t<\/div>\n\t\t<div class=\"aux-parallax-section elementor-element elementor-element-c26440a e-flex e-con-boxed elementor-invisible e-con e-parent\" data-id=\"c26440a\" data-element_type=\"container\" data-e-type=\"container\" data-settings=\"{&quot;background_background&quot;:&quot;classic&quot;,&quot;animation&quot;:&quot;fadeInUp&quot;}\">\n\t\t\t\t\t<div class=\"e-con-inner\">\n\t\t\t\t<div class=\"elementor-element elementor-element-52156b6 elementor-invisible elementor-widget elementor-widget-heading\" data-id=\"52156b6\" data-element_type=\"widget\" data-e-type=\"widget\" data-settings=\"{&quot;_animation&quot;:&quot;fadeIn&quot;}\" data-widget_type=\"heading.default\">\n\t\t\t\t<div class=\"elementor-widget-container\">\n\t\t\t\t\t<h3 class=\"elementor-heading-title elementor-size-default\">Les vins produits par la Maison Wessman se distinguent par leur finesse et leur excellence.<\/h3>\t\t\t\t<\/div>\n\t\t\t\t<\/div>\n\t\t\t\t<div class=\"elementor-element elementor-element-d2592df elementor-invisible elementor-widget elementor-widget-heading\" data-id=\"d2592df\" data-element_type=\"widget\" data-e-type=\"widget\" data-settings=\"{&quot;_animation&quot;:&quot;fadeIn&quot;}\" data-widget_type=\"heading.default\">\n\t\t\t\t<div class=\"elementor-widget-container\">\n\t\t\t\t\t<h3 class=\"elementor-heading-title elementor-size-default\">D\u00e9couvrez nos vignobles&nbsp;:<\/h3>\t\t\t\t<\/div>\n\t\t\t\t<\/div>\n\t\t\t\t<div class=\"elementor-element elementor-element-a1fefb6 elementor-align-center elementor-invisible elementor-widget elementor-widget-button\" data-id=\"a1fefb6\" data-element_type=\"widget\" data-e-type=\"widget\" data-settings=\"{&quot;_animation&quot;:&quot;fadeInUp&quot;}\" data-widget_type=\"button.default\">\n\t\t\t\t<div class=\"elementor-widget-container\">\n\t\t\t\t\t\t\t\t\t<div class=\"elementor-button-wrapper\">\n\t\t\t\t\t<a class=\"elementor-button elementor-button-link elementor-size-sm\" href=\"https:\/\/maisonwessman-wines.com\/fr\/les-vignobles\">\n\t\t\t\t\t\t<span class=\"elementor-button-content-wrapper\">\n\t\t\t\t\t\t\t\t\t<span class=\"elementor-button-text\">Pour en savoir plus, cliquez ici<\/span>\n\t\t\t\t\t<\/span>\n\t\t\t\t\t<\/a>\n\t\t\t\t<\/div>\n\t\t\t\t\t\t\t\t<\/div>\n\t\t\t\t<\/div>\n\t\t\t\t\t<\/div>\n\t\t\t\t<\/div>\n\t\t\t\t<\/div>\n\t\t","protected":false},"excerpt":{"rendered":"<p>\u00c0 propos de Maison Wessman R\u00e9inventer la Tradition, Red\u00e9finir l\u2019Excellence Depuis sa cr\u00e9ation en 2016, la Maison Wessman s\u2019est solidement ancr\u00e9e dans le paysage viticole fran\u00e7ais, devenant un symbole de cr\u00e9ation et d\u2019excellence. Saint-Cernin : Ch\u00e2teau Saint-Cernin C\u2019est ici que d\u00e9bute l\u2019histoire de la Maison Wessman, avec l\u2019acquisition du Ch\u00e2teau de Saint-Cernin par R\u00f3bert Wessman [&hellip;]<\/p>\n","protected":false},"author":2,"featured_media":0,"parent":0,"menu_order":0,"comment_status":"closed","ping_status":"closed","template":"elementor_header_footer","meta":{"footnotes":""},"class_list":["post-762","page","type-page","status-publish","hentry"],"yoast_head":"<!-- This site is optimized with the Yoast SEO plugin v27.4 - https:\/\/yoast.com\/product\/yoast-seo-wordpress\/ -->\n<title>Maison Wessman - This Life<\/title>\n<meta name=\"robots\" content=\"index, follow, max-snippet:-1, max-image-preview:large, max-video-preview:-1\" \/>\n<link rel=\"canonical\" href=\"https:\/\/www.thislifewines.com\/fr\/maison-wessman\/\" \/>\n<meta property=\"og:locale\" content=\"fr_FR\" \/>\n<meta property=\"og:type\" content=\"article\" \/>\n<meta property=\"og:title\" content=\"Maison Wessman - This Life\" \/>\n<meta property=\"og:description\" content=\"\u00c0 propos de Maison Wessman R\u00e9inventer la Tradition, Red\u00e9finir l\u2019Excellence Depuis sa cr\u00e9ation en 2016, la Maison Wessman s\u2019est solidement ancr\u00e9e dans le paysage viticole fran\u00e7ais, devenant un symbole de cr\u00e9ation et d\u2019excellence. Saint-Cernin : Ch\u00e2teau Saint-Cernin C\u2019est ici que d\u00e9bute l\u2019histoire de la Maison Wessman, avec l\u2019acquisition du Ch\u00e2teau de Saint-Cernin par R\u00f3bert Wessman [&hellip;]\" \/>\n<meta property=\"og:url\" content=\"https:\/\/www.thislifewines.com\/fr\/maison-wessman\/\" \/>\n<meta property=\"og:site_name\" content=\"This Life\" \/>\n<meta property=\"article:publisher\" content=\"https:\/\/www.facebook.com\/people\/This-Life-Wine\/61576904107889\/\" \/>\n<meta property=\"article:modified_time\" content=\"2026-04-02T16:39:58+00:00\" \/>\n<meta name=\"twitter:card\" content=\"summary_large_image\" \/>\n<meta name=\"twitter:label1\" content=\"Est. reading time\" \/>\n\t<meta name=\"twitter:data1\" content=\"4 minutes\" \/>\n<script type=\"application\/ld+json\" class=\"yoast-schema-graph\">{\"@context\":\"https:\\\/\\\/schema.org\",\"@graph\":[{\"@type\":\"WebPage\",\"@id\":\"https:\\\/\\\/www.thislifewines.com\\\/fr\\\/maison-wessman\\\/\",\"url\":\"https:\\\/\\\/www.thislifewines.com\\\/fr\\\/maison-wessman\\\/\",\"name\":\"Maison Wessman - This Life\",\"isPartOf\":{\"@id\":\"https:\\\/\\\/www.thislifewines.com\\\/fr\\\/#website\"},\"datePublished\":\"2025-06-03T19:23:38+00:00\",\"dateModified\":\"2026-04-02T16:39:58+00:00\",\"breadcrumb\":{\"@id\":\"https:\\\/\\\/www.thislifewines.com\\\/fr\\\/maison-wessman\\\/#breadcrumb\"},\"inLanguage\":\"fr-FR\",\"potentialAction\":[{\"@type\":\"ReadAction\",\"target\":[\"https:\\\/\\\/www.thislifewines.com\\\/fr\\\/maison-wessman\\\/\"]}]},{\"@type\":\"BreadcrumbList\",\"@id\":\"https:\\\/\\\/www.thislifewines.com\\\/fr\\\/maison-wessman\\\/#breadcrumb\",\"itemListElement\":[{\"@type\":\"ListItem\",\"position\":1,\"name\":\"Home\",\"item\":\"https:\\\/\\\/www.thislifewines.com\\\/fr\\\/\"},{\"@type\":\"ListItem\",\"position\":2,\"name\":\"Maison Wessman\"}]},{\"@type\":\"WebSite\",\"@id\":\"https:\\\/\\\/www.thislifewines.com\\\/fr\\\/#website\",\"url\":\"https:\\\/\\\/www.thislifewines.com\\\/fr\\\/\",\"name\":\"This Life\",\"description\":\"A new wine collection from Maison Wessman x Norah Jones.\",\"publisher\":{\"@id\":\"https:\\\/\\\/www.thislifewines.com\\\/fr\\\/#organization\"},\"potentialAction\":[{\"@type\":\"SearchAction\",\"target\":{\"@type\":\"EntryPoint\",\"urlTemplate\":\"https:\\\/\\\/www.thislifewines.com\\\/fr\\\/?s={search_term_string}\"},\"query-input\":{\"@type\":\"PropertyValueSpecification\",\"valueRequired\":true,\"valueName\":\"search_term_string\"}}],\"inLanguage\":\"fr-FR\"},{\"@type\":\"Organization\",\"@id\":\"https:\\\/\\\/www.thislifewines.com\\\/fr\\\/#organization\",\"name\":\"This Life\",\"url\":\"https:\\\/\\\/www.thislifewines.com\\\/fr\\\/\",\"logo\":{\"@type\":\"ImageObject\",\"inLanguage\":\"fr-FR\",\"@id\":\"https:\\\/\\\/www.thislifewines.com\\\/fr\\\/#\\\/schema\\\/logo\\\/image\\\/\",\"url\":\"https:\\\/\\\/www.thislifewines.com\\\/wp-content\\\/uploads\\\/2026\\\/02\\\/This-Life-Combo-Logo-copy.webp\",\"contentUrl\":\"https:\\\/\\\/www.thislifewines.com\\\/wp-content\\\/uploads\\\/2026\\\/02\\\/This-Life-Combo-Logo-copy.webp\",\"width\":586,\"height\":279,\"caption\":\"This Life\"},\"image\":{\"@id\":\"https:\\\/\\\/www.thislifewines.com\\\/fr\\\/#\\\/schema\\\/logo\\\/image\\\/\"},\"sameAs\":[\"https:\\\/\\\/www.facebook.com\\\/people\\\/This-Life-Wine\\\/61576904107889\\\/\",\"https:\\\/\\\/www.instagram.com\\\/thislifewine\\\/\",\"https:\\\/\\\/www.tiktok.com\\\/@thislifewine?lang=en\"]}]}<\/script>\n<!-- \/ Yoast SEO plugin. -->","yoast_head_json":{"title":"Maison Wessman - This Life","robots":{"index":"index","follow":"follow","max-snippet":"max-snippet:-1","max-image-preview":"max-image-preview:large","max-video-preview":"max-video-preview:-1"},"canonical":"https:\/\/www.thislifewines.com\/fr\/maison-wessman\/","og_locale":"fr_FR","og_type":"article","og_title":"Maison Wessman - This Life","og_description":"\u00c0 propos de Maison Wessman R\u00e9inventer la Tradition, Red\u00e9finir l\u2019Excellence Depuis sa cr\u00e9ation en 2016, la Maison Wessman s\u2019est solidement ancr\u00e9e dans le paysage viticole fran\u00e7ais, devenant un symbole de cr\u00e9ation et d\u2019excellence. Saint-Cernin : Ch\u00e2teau Saint-Cernin C\u2019est ici que d\u00e9bute l\u2019histoire de la Maison Wessman, avec l\u2019acquisition du Ch\u00e2teau de Saint-Cernin par R\u00f3bert Wessman [&hellip;]","og_url":"https:\/\/www.thislifewines.com\/fr\/maison-wessman\/","og_site_name":"This Life","article_publisher":"https:\/\/www.facebook.com\/people\/This-Life-Wine\/61576904107889\/","article_modified_time":"2026-04-02T16:39:58+00:00","twitter_card":"summary_large_image","twitter_misc":{"Est. reading time":"4 minutes"},"schema":{"@context":"https:\/\/schema.org","@graph":[{"@type":"WebPage","@id":"https:\/\/www.thislifewines.com\/fr\/maison-wessman\/","url":"https:\/\/www.thislifewines.com\/fr\/maison-wessman\/","name":"Maison Wessman - This Life","isPartOf":{"@id":"https:\/\/www.thislifewines.com\/fr\/#website"},"datePublished":"2025-06-03T19:23:38+00:00","dateModified":"2026-04-02T16:39:58+00:00","breadcrumb":{"@id":"https:\/\/www.thislifewines.com\/fr\/maison-wessman\/#breadcrumb"},"inLanguage":"fr-FR","potentialAction":[{"@type":"ReadAction","target":["https:\/\/www.thislifewines.com\/fr\/maison-wessman\/"]}]},{"@type":"BreadcrumbList","@id":"https:\/\/www.thislifewines.com\/fr\/maison-wessman\/#breadcrumb","itemListElement":[{"@type":"ListItem","position":1,"name":"Home","item":"https:\/\/www.thislifewines.com\/fr\/"},{"@type":"ListItem","position":2,"name":"Maison Wessman"}]},{"@type":"WebSite","@id":"https:\/\/www.thislifewines.com\/fr\/#website","url":"https:\/\/www.thislifewines.com\/fr\/","name":"This Life","description":"A new wine collection from Maison Wessman x Norah Jones.","publisher":{"@id":"https:\/\/www.thislifewines.com\/fr\/#organization"},"potentialAction":[{"@type":"SearchAction","target":{"@type":"EntryPoint","urlTemplate":"https:\/\/www.thislifewines.com\/fr\/?s={search_term_string}"},"query-input":{"@type":"PropertyValueSpecification","valueRequired":true,"valueName":"search_term_string"}}],"inLanguage":"fr-FR"},{"@type":"Organization","@id":"https:\/\/www.thislifewines.com\/fr\/#organization","name":"This Life","url":"https:\/\/www.thislifewines.com\/fr\/","logo":{"@type":"ImageObject","inLanguage":"fr-FR","@id":"https:\/\/www.thislifewines.com\/fr\/#\/schema\/logo\/image\/","url":"https:\/\/www.thislifewines.com\/wp-content\/uploads\/2026\/02\/This-Life-Combo-Logo-copy.webp","contentUrl":"https:\/\/www.thislifewines.com\/wp-content\/uploads\/2026\/02\/This-Life-Combo-Logo-copy.webp","width":586,"height":279,"caption":"This Life"},"image":{"@id":"https:\/\/www.thislifewines.com\/fr\/#\/schema\/logo\/image\/"},"sameAs":["https:\/\/www.facebook.com\/people\/This-Life-Wine\/61576904107889\/","https:\/\/www.instagram.com\/thislifewine\/","https:\/\/www.tiktok.com\/@thislifewine?lang=en"]}]}},"featured_image_src":null,"featured_image_src_square":null,"_links":{"self":[{"href":"https:\/\/www.thislifewines.com\/fr\/wp-json\/wp\/v2\/pages\/762","targetHints":{"allow":["GET"]}}],"collection":[{"href":"https:\/\/www.thislifewines.com\/fr\/wp-json\/wp\/v2\/pages"}],"about":[{"href":"https:\/\/www.thislifewines.com\/fr\/wp-json\/wp\/v2\/types\/page"}],"author":[{"embeddable":true,"href":"https:\/\/www.thislifewines.com\/fr\/wp-json\/wp\/v2\/users\/2"}],"replies":[{"embeddable":true,"href":"https:\/\/www.thislifewines.com\/fr\/wp-json\/wp\/v2\/comments?post=762"}],"version-history":[{"count":0,"href":"https:\/\/www.thislifewines.com\/fr\/wp-json\/wp\/v2\/pages\/762\/revisions"}],"wp:attachment":[{"href":"https:\/\/www.thislifewines.com\/fr\/wp-json\/wp\/v2\/media?parent=762"}],"curies":[{"name":"wp","href":"https:\/\/api.w.org\/{rel}","templated":true}]}}